{"id":172,"date":"2022-05-19T10:54:31","date_gmt":"2022-05-19T10:54:31","guid":{"rendered":"https:\/\/ferienhaus-holumer-winkel.de\/?page_id=172"},"modified":"2026-01-13T11:55:41","modified_gmt":"2026-01-13T11:55:41","slug":"erdgeschoss","status":"publish","type":"page","link":"https:\/\/ferienhaus-holumer-winkel.de\/?page_id=172","title":{"rendered":"Erdgeschoss"},"content":{"rendered":"\n<div class=\"wp-block-columns is-layout-flex wp-container-core-columns-is-layout-9d6595d7 wp-block-columns-is-layout-flex\">\n<div class=\"wp-block-column is-layout-flow wp-block-column-is-layout-flow\">\n<p class=\"has-medium-font-size\"><strong>Im Erdgeschoss befinden sich \u2013 <\/strong><\/p>\n\n\n\n<div style=\"height:23px\" aria-hidden=\"true\" class=\"wp-block-spacer\"><\/div>\n\n\n\n<p class=\"has-medium-font-size\">ein Wohnraum mit Essecke und Ausgang zur Terrasse; <br>1 Schlafzimmer mit 2 Betten,<\/p>\n\n\n\n<p class=\"has-medium-font-size\"> 1 Schlafzimmer mit einem Bett; <\/p>\n\n\n\n<p class=\"has-medium-font-size\">K\u00fcche mit Sp\u00fcle, Boiler, Sp\u00fclmaschine, Mikrowellenbackofen, Kochmulde, K\u00fchlschrank; <\/p>\n\n\n\n<p class=\"has-medium-font-size\">Bad mit Dusche, Waschbecken, Toilette, Durchlauferhitzer; Flur.<\/p>\n<\/div>\n\n\n\n<div class=\"wp-block-column is-layout-flow wp-block-column-is-layout-flow\">\n<figure class=\"wp-block-image size-large\"><img loading=\"lazy\" decoding=\"async\" width=\"1024\" height=\"768\" src=\"https:\/\/ferienhaus-holumer-winkel.de\/wp-content\/uploads\/2024\/01\/IMG_4191_Essecke2023-1024x768.jpg\" alt=\"\" class=\"wp-image-301\" srcset=\"https:\/\/ferienhaus-holumer-winkel.de\/wp-content\/uploads\/2024\/01\/IMG_4191_Essecke2023-1024x768.jpg 1024w, https:\/\/ferienhaus-holumer-winkel.de\/wp-content\/uploads\/2024\/01\/IMG_4191_Essecke2023-300x225.jpg 300w, https:\/\/ferienhaus-holumer-winkel.de\/wp-content\/uploads\/2024\/01\/IMG_4191_Essecke2023-768x576.jpg 768w, https:\/\/ferienhaus-holumer-winkel.de\/wp-content\/uploads\/2024\/01\/IMG_4191_Essecke2023-1536x1152.jpg 1536w, https:\/\/ferienhaus-holumer-winkel.de\/wp-content\/uploads\/2024\/01\/IMG_4191_Essecke2023-2048x1536.jpg 2048w\" sizes=\"auto, (max-width: 1024px) 100vw, 1024px\" \/><\/figure>\n<\/div>\n<\/div>\n\n\n\n<div class=\"wp-block-columns is-layout-flex wp-container-core-columns-is-layout-9d6595d7 wp-block-columns-is-layout-flex\">\n<div class=\"wp-block-column is-layout-flow wp-block-column-is-layout-flow\">\n<figure class=\"wp-block-image size-large\"><img loading=\"lazy\" decoding=\"async\" width=\"1024\" height=\"768\" src=\"https:\/\/ferienhaus-holumer-winkel.de\/wp-content\/uploads\/2026\/01\/4EG-Wohn1-1024x768.jpg\" alt=\"\" class=\"wp-image-375\" srcset=\"https:\/\/ferienhaus-holumer-winkel.de\/wp-content\/uploads\/2026\/01\/4EG-Wohn1-1024x768.jpg 1024w, https:\/\/ferienhaus-holumer-winkel.de\/wp-content\/uploads\/2026\/01\/4EG-Wohn1-300x225.jpg 300w, https:\/\/ferienhaus-holumer-winkel.de\/wp-content\/uploads\/2026\/01\/4EG-Wohn1-768x576.jpg 768w, https:\/\/ferienhaus-holumer-winkel.de\/wp-content\/uploads\/2026\/01\/4EG-Wohn1-1536x1152.jpg 1536w, https:\/\/ferienhaus-holumer-winkel.de\/wp-content\/uploads\/2026\/01\/4EG-Wohn1-2048x1536.jpg 2048w\" sizes=\"auto, (max-width: 1024px) 100vw, 1024px\" \/><\/figure>\n<\/div>\n\n\n\n<div class=\"wp-block-column is-layout-flow wp-block-column-is-layout-flow\">\n<figure class=\"wp-block-image size-full\"><img loading=\"lazy\" decoding=\"async\" width=\"2560\" height=\"1920\" src=\"https:\/\/ferienhaus-holumer-winkel.de\/wp-content\/uploads\/2026\/01\/4EG-Wohn3-B-scaled.jpg\" alt=\"\" class=\"wp-image-379\" srcset=\"https:\/\/ferienhaus-holumer-winkel.de\/wp-content\/uploads\/2026\/01\/4EG-Wohn3-B-scaled.jpg 2560w, https:\/\/ferienhaus-holumer-winkel.de\/wp-content\/uploads\/2026\/01\/4EG-Wohn3-B-300x225.jpg 300w, https:\/\/ferienhaus-holumer-winkel.de\/wp-content\/uploads\/2026\/01\/4EG-Wohn3-B-1024x768.jpg 1024w, https:\/\/ferienhaus-holumer-winkel.de\/wp-content\/uploads\/2026\/01\/4EG-Wohn3-B-768x576.jpg 768w, https:\/\/ferienhaus-holumer-winkel.de\/wp-content\/uploads\/2026\/01\/4EG-Wohn3-B-1536x1152.jpg 1536w, https:\/\/ferienhaus-holumer-winkel.de\/wp-content\/uploads\/2026\/01\/4EG-Wohn3-B-2048x1536.jpg 2048w\" sizes=\"auto, (max-width: 2560px) 100vw, 2560px\" \/><\/figure>\n<\/div>\n<\/div>\n\n\n\n<div class=\"wp-block-columns is-layout-flex wp-container-core-columns-is-layout-9d6595d7 wp-block-columns-is-layout-flex\">\n<div class=\"wp-block-column is-layout-flow wp-block-column-is-layout-flow\">\n<figure class=\"wp-block-image size-full\"><img loading=\"lazy\" decoding=\"async\" width=\"1988\" height=\"2560\" src=\"https:\/\/ferienhaus-holumer-winkel.de\/wp-content\/uploads\/2026\/01\/5EG-DZ-scaled.jpg\" alt=\"\" class=\"wp-image-363\" srcset=\"https:\/\/ferienhaus-holumer-winkel.de\/wp-content\/uploads\/2026\/01\/5EG-DZ-scaled.jpg 1988w, https:\/\/ferienhaus-holumer-winkel.de\/wp-content\/uploads\/2026\/01\/5EG-DZ-233x300.jpg 233w, https:\/\/ferienhaus-holumer-winkel.de\/wp-content\/uploads\/2026\/01\/5EG-DZ-795x1024.jpg 795w, https:\/\/ferienhaus-holumer-winkel.de\/wp-content\/uploads\/2026\/01\/5EG-DZ-768x989.jpg 768w, https:\/\/ferienhaus-holumer-winkel.de\/wp-content\/uploads\/2026\/01\/5EG-DZ-1193x1536.jpg 1193w, https:\/\/ferienhaus-holumer-winkel.de\/wp-content\/uploads\/2026\/01\/5EG-DZ-1590x2048.jpg 1590w\" sizes=\"auto, (max-width: 1988px) 100vw, 1988px\" \/><\/figure>\n<\/div>\n\n\n\n<div class=\"wp-block-column is-layout-flow wp-block-column-is-layout-flow\">\n<figure class=\"wp-block-image size-full is-resized\"><img loading=\"lazy\" decoding=\"async\" width=\"1920\" height=\"2560\" src=\"https:\/\/ferienhaus-holumer-winkel.de\/wp-content\/uploads\/2026\/01\/5EG-EZ-1-scaled.jpg\" alt=\"\" class=\"wp-image-381\" srcset=\"https:\/\/ferienhaus-holumer-winkel.de\/wp-content\/uploads\/2026\/01\/5EG-EZ-1-scaled.jpg 1920w, https:\/\/ferienhaus-holumer-winkel.de\/wp-content\/uploads\/2026\/01\/5EG-EZ-1-225x300.jpg 225w, https:\/\/ferienhaus-holumer-winkel.de\/wp-content\/uploads\/2026\/01\/5EG-EZ-1-768x1024.jpg 768w, https:\/\/ferienhaus-holumer-winkel.de\/wp-content\/uploads\/2026\/01\/5EG-EZ-1-1152x1536.jpg 1152w, https:\/\/ferienhaus-holumer-winkel.de\/wp-content\/uploads\/2026\/01\/5EG-EZ-1-1536x2048.jpg 1536w\" sizes=\"auto, (max-width: 1920px) 100vw, 1920px\" \/><\/figure>\n<\/div>\n<\/div>\n","protected":false},"excerpt":{"rendered":"<p>Im Erdgeschoss befinden sich \u2013 ein Wohnraum mit Essecke und Ausgang zur Terrasse; 1 Schlafzimmer mit 2 Betten, 1 Schlafzimmer mit einem Bett; K\u00fcche mit Sp\u00fcle, Boiler, Sp\u00fclmaschine, Mikrowellenbackofen, Kochmulde, K\u00fchlschrank; Bad mit Dusche, Waschbecken, Toilette, Durchlauferhitzer; Flur.<\/p>\n","protected":false},"author":1,"featured_media":0,"parent":0,"menu_order":0,"comment_status":"closed","ping_status":"closed","template":"","meta":{"footnotes":""},"class_list":["post-172","page","type-page","status-publish","hentry"],"_links":{"self":[{"href":"https:\/\/ferienhaus-holumer-winkel.de\/index.php?rest_route=\/wp\/v2\/pages\/172","targetHints":{"allow":["GET"]}}],"collection":[{"href":"https:\/\/ferienhaus-holumer-winkel.de\/index.php?rest_route=\/wp\/v2\/pages"}],"about":[{"href":"https:\/\/ferienhaus-holumer-winkel.de\/index.php?rest_route=\/wp\/v2\/types\/page"}],"author":[{"embeddable":true,"href":"https:\/\/ferienhaus-holumer-winkel.de\/index.php?rest_route=\/wp\/v2\/users\/1"}],"replies":[{"embeddable":true,"href":"https:\/\/ferienhaus-holumer-winkel.de\/index.php?rest_route=%2Fwp%2Fv2%2Fcomments&post=172"}],"version-history":[{"count":14,"href":"https:\/\/ferienhaus-holumer-winkel.de\/index.php?rest_route=\/wp\/v2\/pages\/172\/revisions"}],"predecessor-version":[{"id":382,"href":"https:\/\/ferienhaus-holumer-winkel.de\/index.php?rest_route=\/wp\/v2\/pages\/172\/revisions\/382"}],"wp:attachment":[{"href":"https:\/\/ferienhaus-holumer-winkel.de\/index.php?rest_route=%2Fwp%2Fv2%2Fmedia&parent=172"}],"curies":[{"name":"wp","href":"https:\/\/api.w.org\/{rel}","templated":true}]}}